{"id":64,"date":"2021-03-01T10:53:10","date_gmt":"2021-03-01T10:53:10","guid":{"rendered":"http:\/\/kjp-troise.de\/?page_id=64"},"modified":"2023-01-03T18:32:56","modified_gmt":"2023-01-03T18:32:56","slug":"kontakt","status":"publish","type":"page","link":"https:\/\/kjp-troise.de\/?page_id=64","title":{"rendered":"Impressum"},"content":{"rendered":"\n<h6>Kontakt<\/h6>\n\n\n\n<p>Dipl.-Psych. Isabel Troise<br>Praxis f\u00fcr Kinder- und Jugendlichenpsychotherapie<br>Konrad-Adenauer-Platz 6<br>40764 Langenfeld<br>E-Mail: <a href=\"mailto:info@kjp-troise.de\">info@kjp-troise.de<\/a><br>Telefon: 02173\/2955352<br>Mobil: 0179\/3400733<\/p>\n\n\n\n<h6>Telefonische Sprechzeiten<\/h6>\n\n\n\n<p>Montag &amp; Mittwoch<br>8:00 \u2013 8:50 Uhr<\/p>\n\n\n\n<h6>Berufsbezeichnung<\/h6>\n\n\n\n<p>Kinder- und Jugendlichenpsychotherapeutin mit dem Schwerpunkt Verhaltenstherapie. Diese Berufsbezeichnung wurde mir von der Bundesrepublik Deutschland verliehen<\/p>\n\n\n\n<h6>Berufsrechtliche Zulassung<\/h6>\n\n\n\n<p>Approbation als Kinder- und Jugendlichenpsychotherapeutin<\/p>\n\n\n\n<h6>Zust\u00e4ndige Kammer<\/h6>\n\n\n\n<p>Psychotherapeutenkammer NRW<br>Willst\u00e4tterstra\u00dfe 10<br>40549 D\u00fcsseldorf<\/p>\n\n\n\n<h6>Zust\u00e4ndige Kassen\u00e4rztliche Vereinigung<\/h6>\n\n\n\n<p>KV Nordrhein<br>Tersteegenstra\u00dfe 9<br>40474 D\u00fcsseldorf<\/p>\n\n\n\n<h6>Berufsrechtliche Regelungen<\/h6>\n\n\n\n<p>Psychotherapeutengesetz (psychThG),\u00a0<a rel=\"noreferrer noopener\" href=\"http:\/\/www.bptk.de\/\" target=\"_blank\">www.bptk.de<\/a><br>Berufsordnung f\u00fcr Psychotherapeuten:<a rel=\"noreferrer noopener\" href=\"http:\/\/www.ptk-nrw.de\/\" target=\"_blank\">\u00a0www.ptk-nrw.de<\/a><\/p>\n\n\n\n<h1><strong>Datenschutzerkl\u00e4rung<\/strong><\/h1>\n\n\n\n<p>Der Schutz ihrer personenbezogene Daten ist mir wichtig. Nach der EU- Datenschutzverordnung (DSGVO) und dem Bundesdatenschutzgesetz (BDSG) bin ich verpflichtet, Sie dar\u00fcber zu informieren, zu welchem Zweck auf meiner Homepage personenbezogene Daten erhoben und verwendet werden, auf welche Art dies geschieht und welchen Umfang dies hat. Dieser Information k\u00f6nnen Sie auch entnehmen, welche Rechte Sie hinsichtlich des Datenschutzes haben. Diese Datenschutzerkl\u00e4rung bezieht sich auf mein Internetangebot. Sie bezieht sich ausdr\u00fccklich nicht auf das Behandlungsverh\u00e4ltnis. Insoweit werden Sie bei Besuch der Praxis gesondert informiert.<\/p>\n\n\n\n<h6>1. Verantwortlich f\u00fcr die Datenverarbeitung ist:<\/h6>\n\n\n\n<p>Dipl.-Psych. Isabel Troise<br>Konrad-Adenauer-Platz 6<br>40764 Langenfeld<br>E-Mail: <a href=\"mailto:info@kjp-troise.de\">info@kjp-troise.de<\/a><br>Telefon: 02173\/2955352<br>Mobil: 0179\/3400733<\/p>\n\n\n\n<h6>2. Bereitstellung der Webseite und Erstellung von Protokoll- oder Logdateien:<\/h6>\n\n\n\n<p>Die Seite\u00a0<a href=\"http:\/\/www.kjp-troise.de\/\">www.kjp-troise.de<\/a>\u00a0ist besuchbar, ohne Angaben zu ihrer Person zu machen. Gleichwohl werden schon beim einfachen Seitenaufruf Informationen zum Zugriff (Datum, Uhrzeit, \u00fcbertragene Datenmenge, Navigationsherkunft, Browser, Betriebssystem, IP-Adresse) gespeichert.\u00a0<\/p>\n\n\n\n<p>Das Internetangebot wird bei\u00a0\u00a0LANSOL GmbH,\u00a0Rheing\u00f6nheimer Weg 13 in 67117 Limburgerhof Deutschland\u00a0gehostet. Der Hoster empf\u00e4ngt zu diesem Zweck folgende, bei jedem Zugriff auf Inhalte des Internetangebotes in sogenannten Protokoll- oder Log-Daten, die m\u00f6glicherweise eine Identifizierung zulassen.<\/p>\n\n\n\n<p><strong>Folgende Daten werden hierbei erhoben<\/strong>:<\/p>\n\n\n\n<ul><li>Datum und Uhrzeit des Aufrufs<\/li><li>Name des aufgerufenen Internetdienstes, der aufgerufenen Ressource und der verendeten Aktion<\/li><li>Abfrage, die die Person (Client) gestellt hat<\/li><li>\u00dcbertragene Datenmenge<\/li><li>Meldung, ob der Abruf erfolgreich war<\/li><li>IP-Adresse des abrufenden Rechners<\/li><li>Client-Informationen (u.a. Browser, Betriebssystem)<\/li><\/ul>\n\n\n\n<p>Rechtsgrundlage f\u00fcr die vorhergehende Speicherung dieser Daten ist Art. 6 Abs. 1 lit. f DS-GVO<\/p>\n\n\n\n<p>Die Daten aus dem Protokoll bzw. Logdateien dienen zur Sicherstellung der Funktionalit\u00e4t der Webseite. Zudem dienen sie zur Abwehr und Analyse von Angriffen.<\/p>\n\n\n\n<p>In diesen Zwecken liegt auch das berechtigte Interesse an der Datenverarbeitung.<\/p>\n\n\n\n<p>Die Daten werden f\u00fcr die Dauer der gesetzlichen Fristen und ausschlie\u00dflich f\u00fcr Administratoren zug\u00e4nglich aufbewahrt. Danach sind sie nur noch indirekt \u00fcber die Rekonstruktion von Sicherungsb\u00e4ndern verf\u00fcgbar und werden dann ebenfalls entsprechend der gesetzlichen Vorgaben endg\u00fcltig gel\u00f6scht.&nbsp;<\/p>\n\n\n\n<h4>3. Verwendung von Cookies<\/h4>\n\n\n\n<p>Cookies sind kleine Datenpakete, die zwischen uns und dem Nutzer \u00fcbertragen werden. Die Daten gehen von unserem Server auf den Browser des Nutzers \u00fcber und werden dort auf dem Endger\u00e4t f\u00fcr einen sp\u00e4teren Abruf gespeichert. Verarbeitet werden Nutzungsdaten sowie Meta-\/Kommunikationsdaten (z. B. Ger\u00e4te-Informationen, IP-Adressen). Cookies richten auf dem Endger\u00e4t des Nutzers keinen Schaden an und enthalten keine Viren.<\/p>\n\n\n\n<p>Wir nutzen lediglich essentielle Cookies f\u00fcr die fehlerfreie Webseitenanzeige. Notwendige Cookies machen unsere Webseite nutzbar, indem sie Grundfunktionen wie Seitennavigation und Zugriff auf sichere Bereiche der Seite erm\u00f6glichen.<\/p>\n\n\n\n<h4>4. Kommunikation<\/h4>\n\n\n\n<p>Wir weisen darauf hin, dass die Daten\u00fcbertragung im Internet (z.B. bei der Kommunikation per E-Mail) Sicherheitsl\u00fccken aufweisen kann. Ein l\u00fcckenloser Schutz der Daten vor dem Zugriff durch Dritte ist nicht m\u00f6glich.<\/p>\n\n\n\n<p>Der Nutzung von im Rahmen der Impressumspflicht ver\u00f6ffentlichten Kontaktdaten durch Dritte zur \u00dcbersendung von nicht ausdr\u00fccklich angeforderter Werbung und Informationsmaterialien wird hiermit ausdr\u00fccklich widersprochen. Die Betreiber der Seiten behalten sich ausdr\u00fccklich rechtliche Schritte im Falle der unverlangten Zusendung von Werbeinformationen, etwa durch Spam-Mails, vor.<\/p>\n\n\n\n<h4>5. Ihre Rechte<\/h4>\n\n\n\n<p>Sie haben das Recht, \u00fcber die betreffenden personenbezogenen Daten einschlie\u00dflich eventueller Empf\u00e4nger und der relevanten Speicherdauer Auskunft zu erhalten sowie erteilte Einwilligungen mit Wirkung f\u00fcr die Zukunft zu widerrufen. Auch k\u00f6nnen Sie eine Berichtigung unrichtiger Daten verlangen.<\/p>\n\n\n\n<p>Sollten unrichtige personenbezogene Daten verarbeitet werden, steht Ihnen gem\u00e4\u00df Art. 16 DS-GVO ein Recht auf Berichtigung zu. Liegen die gesetzlichen Voraussetzungen vor, so k\u00f6nnen Sie die L\u00f6schung oder Einschr\u00e4nkung der Verarbeitung verlangen sowie Widerspruch gegen die Verarbeitung einlegen (Art. 17, 18 und 21 DS-GVO). Dar\u00fcber hinaus steht ihnen unter bestimmten Voraussetzungen das Recht auf L\u00f6schung der Daten, das Recht auf Einschr\u00e4nkung der Datenverarbeitung sowie das Recht auf Daten\u00fcbertragbarkeit zu.<\/p>\n\n\n\n<p>Die Verarbeitung der Daten erfolgt auf Basis von gesetzlichen Regelungen. Nur in Ausnahmef\u00e4llen ben\u00f6tigen wir Ihr Einverst\u00e4ndnis. In diesen F\u00e4llen haben Sie das Recht, die Einwilligung f\u00fcr die zuk\u00fcnftige Verarbeitung zu widerrufen.<\/p>\n\n\n\n<p>Sie haben ferner das Recht, sich bei der Datenschutzbeh\u00f6rde ihrer Wahl zu beschweren, wenn Sie der Ansicht sind, dass die Verarbeitung Ihrer personenbezogenen Daten nicht rechtm\u00e4\u00dfig erfolgt. Hierzu geh\u00f6rt auch die f\u00fcr mich zust\u00e4ndige Aufsichtsbeh\u00f6rde in NRW, die sie unter folgenden Kontaktdaten erreichen k\u00f6nnen:<\/p>\n\n\n\n<p>Die Landesbeauftragte f\u00fcr Datenschutz und Informationsfreiheit Nordrhein Westfalen(LDI NRW) Kavalierstr. 2-4<br>40213 D\u00fcsseldorf<br>Telefon: 0211\/384240<br>E-Mail:\u00a0<a>poststelle@ldi-nrw.de<\/a><\/p>\n\n\n\n<h4>6. Haftungsausschluss f\u00fcr Inhalte<\/h4>\n\n\n\n<p>Die Inhalte unserer Seiten wurden mit gr\u00f6\u00dfter Sorgfalt erstellt. F\u00fcr die Richtigkeit, Vollst\u00e4ndigkeit und Aktualit\u00e4t der Inhalte k\u00f6nnen wir jedoch keine Gew\u00e4hr \u00fcbernehmen. Als Diensteanbieter sind wir gem\u00e4\u00df \u00a7 7 Abs. 1 TMG f\u00fcr eigene Inhalte auf diesen Seiten nach den allgemeinen Gesetzen verantwortlich. Nach \u00a7 8 bis 10 TMG sind wir als Diensteanbieter jedoch nicht verpflichtet, \u00fcbermittelte oder gespeicherte fremde Informationen zu \u00fcberwachen oder nach Umst\u00e4nden zu forschen, die auf eine rechtswidrige T\u00e4tigkeit hinweisen. Verpflichtungen zur Entfernung oder Sperrung der Nutzung von Informationen nach den allgemeinen Gesetzen bleiben hiervon unber\u00fchrt. Eine diesbez\u00fcgliche Haftung ist jedoch erst ab dem Zeitpunkt der Kenntnis einer konkreten Rechtsverletzung m\u00f6glich. Bei Bekanntwerden von entsprechenden Rechtsverletzungen werden wir diese Inhalte umgehend entfernen.<\/p>\n\n\n\n<p><strong>Haftung f\u00fcr Links<\/strong><br>Unser Angebot enth\u00e4lt Links zu externen Webseiten Dritter, auf deren Inhalte wir keinen Einfluss haben. Deshalb k\u00f6nnen wir f\u00fcr diese fremden Inhalte auch keine Gew\u00e4hr \u00fcbernehmen. F\u00fcr die Inhalte der verlinkten Seiten ist stets der jeweilige Anbieter oder Betreiber der Seiten verantwortlich. Die verlinkten Seiten wurden zum Zeitpunkt der Verlinkung auf m\u00f6gliche Rechtsverst\u00f6\u00dfe \u00fcberpr\u00fcft. Rechtswidrige Inhalte waren zum Zeitpunkt der Verlinkung nicht erkennbar. Eine permanente inhaltliche Kontrolle der verlinkten Seiten ist jedoch ohne konkrete Anhaltspunkte einer Rechtsverletzung nicht zumutbar. Bei Bekanntwerden von Rechtsverletzungen werden wir derartige Links umgehend entfernen.<\/p>\n","protected":false},"excerpt":{"rendered":"<p>Kontakt Dipl.-Psych. Isabel TroisePraxis f\u00fcr Kinder- und JugendlichenpsychotherapieKonrad-Adenauer-Platz 640764 LangenfeldE-Mail: info@kjp-troise.deTelefon: 02173\/2955352Mobil: 0179\/3400733 Telefonische Sprechzeiten Montag &amp; Mittwoch8:00 \u2013 8:50 Uhr Berufsbezeichnung Kinder- und Jugendlichenpsychotherapeutin mit dem Schwerpunkt Verhaltenstherapie. Diese Berufsbezeichnung wurde mir von der Bundesrepublik Deutschland verliehen Berufsrechtliche Zulassung Approbation als Kinder- und Jugendlichenpsychotherapeutin Zust\u00e4ndige Kammer Psychotherapeutenkammer NRWWillst\u00e4tterstra\u00dfe 1040549 D\u00fcsseldorf Zust\u00e4ndige Kassen\u00e4rztliche Vereinigung KV &hellip; <\/p>\n<p class=\"link-more\"><a href=\"https:\/\/kjp-troise.de\/?page_id=64\" class=\"more-link\"><span class=\"screen-reader-text\">\u201eImpressum\u201c<\/span> weiterlesen<\/a><\/p>\n","protected":false},"author":1,"featured_media":82,"parent":0,"menu_order":0,"comment_status":"closed","ping_status":"closed","template":"","meta":[],"_links":{"self":[{"href":"https:\/\/kjp-troise.de\/index.php?rest_route=\/wp\/v2\/pages\/64"}],"collection":[{"href":"https:\/\/kjp-troise.de\/index.php?rest_route=\/wp\/v2\/pages"}],"about":[{"href":"https:\/\/kjp-troise.de\/index.php?rest_route=\/wp\/v2\/types\/page"}],"author":[{"embeddable":true,"href":"https:\/\/kjp-troise.de\/index.php?rest_route=\/wp\/v2\/users\/1"}],"replies":[{"embeddable":true,"href":"https:\/\/kjp-troise.de\/index.php?rest_route=%2Fwp%2Fv2%2Fcomments&post=64"}],"version-history":[{"count":9,"href":"https:\/\/kjp-troise.de\/index.php?rest_route=\/wp\/v2\/pages\/64\/revisions"}],"predecessor-version":[{"id":113,"href":"https:\/\/kjp-troise.de\/index.php?rest_route=\/wp\/v2\/pages\/64\/revisions\/113"}],"wp:featuredmedia":[{"embeddable":true,"href":"https:\/\/kjp-troise.de\/index.php?rest_route=\/wp\/v2\/media\/82"}],"wp:attachment":[{"href":"https:\/\/kjp-troise.de\/index.php?rest_route=%2Fwp%2Fv2%2Fmedia&parent=64"}],"curies":[{"name":"wp","href":"https:\/\/api.w.org\/{rel}","templated":true}]}}