{"id":18,"date":"2020-06-15T16:05:30","date_gmt":"2020-06-15T16:05:30","guid":{"rendered":"http:\/\/kjp-troise.de\/?page_id=18"},"modified":"2022-10-31T10:55:50","modified_gmt":"2022-10-31T10:55:50","slug":"kosten","status":"publish","type":"page","link":"https:\/\/kjp-troise.de\/?page_id=18","title":{"rendered":"Kosten"},"content":{"rendered":"\n<p>Die Kosten f\u00fcr psychotherapeutische Sprechstunden, die probatorischen Sitzungen und diagnostische Verfahren werden von der gesetzlichen Krankenasse \u00fcbernommen. Dies gilt in der Regel auch f\u00fcr die privaten Kassen und die Beihilfe. Gesetzlich Versicherte m\u00fcssen eine g\u00fcltige Gesundheitskarte vorlegen, eine \u00dcberweisung ist nicht erforderlich.&nbsp;<\/p>\n\n\n\n<p>Die Kosten f\u00fcr eine Kurzzeit- oder Langzeittherapie werden nach Bewilligung ebenfalls vollst\u00e4ndig von der gesetzlichen Krankenkasse \u00fcbernommen. Auch die privaten Kassen und die Beihilfe \u00fcbernehmen nach Bewilligung meist die vollst\u00e4ndigen Kosten, allerdings richtet sich dies teilweise nach dem jeweiligen Vertrag den sie abgeschlossen haben. Am Besten informieren sie sich vor Aufnahme der Psychotherapie, welche Vertragsbedingungen in ihrem Fall gelten. Bei den privaten Krankenkassen gibt es keine einheitliche Regelung. Die H\u00f6he der Kosten richtet sich bei privaten Kassen und der Beihilfe nach der Geb\u00fchrenordnung f\u00fcr Psychotherapeuten GOP.<\/p>\n","protected":false},"excerpt":{"rendered":"<p>Die Kosten f\u00fcr psychotherapeutische Sprechstunden, die probatorischen Sitzungen und diagnostische Verfahren werden von der gesetzlichen Krankenasse \u00fcbernommen. Dies gilt in der Regel auch f\u00fcr die privaten Kassen und die Beihilfe. Gesetzlich Versicherte m\u00fcssen eine g\u00fcltige Gesundheitskarte vorlegen, eine \u00dcberweisung ist nicht erforderlich.&nbsp; Die Kosten f\u00fcr eine Kurzzeit- oder Langzeittherapie werden nach Bewilligung ebenfalls vollst\u00e4ndig von &hellip; <\/p>\n<p class=\"link-more\"><a href=\"https:\/\/kjp-troise.de\/?page_id=18\" class=\"more-link\"><span class=\"screen-reader-text\">\u201eKosten\u201c<\/span> weiterlesen<\/a><\/p>\n","protected":false},"author":1,"featured_media":81,"parent":0,"menu_order":0,"comment_status":"closed","ping_status":"closed","template":"","meta":[],"_links":{"self":[{"href":"https:\/\/kjp-troise.de\/index.php?rest_route=\/wp\/v2\/pages\/18"}],"collection":[{"href":"https:\/\/kjp-troise.de\/index.php?rest_route=\/wp\/v2\/pages"}],"about":[{"href":"https:\/\/kjp-troise.de\/index.php?rest_route=\/wp\/v2\/types\/page"}],"author":[{"embeddable":true,"href":"https:\/\/kjp-troise.de\/index.php?rest_route=\/wp\/v2\/users\/1"}],"replies":[{"embeddable":true,"href":"https:\/\/kjp-troise.de\/index.php?rest_route=%2Fwp%2Fv2%2Fcomments&post=18"}],"version-history":[{"count":3,"href":"https:\/\/kjp-troise.de\/index.php?rest_route=\/wp\/v2\/pages\/18\/revisions"}],"predecessor-version":[{"id":105,"href":"https:\/\/kjp-troise.de\/index.php?rest_route=\/wp\/v2\/pages\/18\/revisions\/105"}],"wp:featuredmedia":[{"embeddable":true,"href":"https:\/\/kjp-troise.de\/index.php?rest_route=\/wp\/v2\/media\/81"}],"wp:attachment":[{"href":"https:\/\/kjp-troise.de\/index.php?rest_route=%2Fwp%2Fv2%2Fmedia&parent=18"}],"curies":[{"name":"wp","href":"https:\/\/api.w.org\/{rel}","templated":true}]}}