{"id":17,"date":"2020-06-15T16:05:30","date_gmt":"2020-06-15T16:05:30","guid":{"rendered":"http:\/\/kjp-troise.de\/?page_id=17"},"modified":"2021-03-23T15:58:59","modified_gmt":"2021-03-23T15:58:59","slug":"angebot","status":"publish","type":"page","link":"https:\/\/kjp-troise.de\/?page_id=17","title":{"rendered":"Angebot"},"content":{"rendered":"\n<p class=\"has-text-align-left\"><strong>Bei folgenden Themen und Entwicklungsproblemen kann ich helfen<\/strong><\/p>\n\n\n\n<ul><li>ADHS\/ADS (Aufmerksamkeitsst\u00f6rungen, Hyperaktivit\u00e4t\/motorische Unruhe, Impulsivit\u00e4t)<\/li><li>\u00c4ngste (Generalisierte Angstst\u00f6rung, Panikst\u00f6rungen, soziale Unsicherheit, Leistungs-und Versagens\u00e4ngste, Trennungs\u00e4ngste)<\/li><li>Autismus-Spektrum-St\u00f6rungen<\/li><li>Spezifische Phobien\u00a0<\/li><li>Soziale Phobie (soziale Unsicherheit, sozialer R\u00fcckzug, Gehemmtheit)<\/li><li>Depressionen (Stimmungsschwankungen, Negativdenken, sozialer R\u00fcckzug, Antriebsst\u00f6rungen)<\/li><li>Essst\u00f6rungen (Anorexia nervosa\/Magersucht, Bulimie\/Ess-Brechsucht, Binge-Eating\/Essanf\u00e4lle)<\/li><li>Posttraumatische Belastungsst\u00f6rungen (nach belastenden Ereignissen wie Unf\u00e4llen, Verlusten, Erkrankungen sowie k\u00f6rperlichen und\/oder sexuellen Gewalterfahrungen)<\/li><li>Anpassungsst\u00f6rungen (nach Trennung der Eltern, Verlust, Erkrankung, Belastungssituationen in der Familie etc.)<\/li><li>Schul\u00e4ngste, Schulvermeidung, Schulverweigerung<\/li><li>St\u00f6rungen der Eltern-Kind-Interaktion (Bindungsst\u00f6rungen)<\/li><li>St\u00f6rungen des Sozialverhaltens (Trotzverhalten, aggressives und oppositionelles Verhalten, Wutausbr\u00fcche)<\/li><li>Pers\u00f6nlichkeitsst\u00f6rungen<\/li><li>Tics<\/li><li>Enuresis\/Einn\u00e4ssen und Enkopresis\/Einkoten<\/li><li>Zw\u00e4nge (Zwangsgedanken, Gr\u00fcbelzwang und Zwangshandlungen wie z.B. Waschzwang)<\/li><li>Schlafst\u00f6rungen (Ein- und Durchschlafst\u00f6rungen, Alptr\u00e4ume, Pavor nocturnus\/Nachtschreck)<\/li><li>Mediensucht (Online bzw. Internetsucht, Spielsucht, Handysucht u.\u00e4.)<\/li><\/ul>\n","protected":false},"excerpt":{"rendered":"<p>Bei folgenden Themen und Entwicklungsproblemen kann ich helfen ADHS\/ADS (Aufmerksamkeitsst\u00f6rungen, Hyperaktivit\u00e4t\/motorische Unruhe, Impulsivit\u00e4t) \u00c4ngste (Generalisierte Angstst\u00f6rung, Panikst\u00f6rungen, soziale Unsicherheit, Leistungs-und Versagens\u00e4ngste, Trennungs\u00e4ngste) Autismus-Spektrum-St\u00f6rungen Spezifische Phobien\u00a0 Soziale Phobie (soziale Unsicherheit, sozialer R\u00fcckzug, Gehemmtheit) Depressionen (Stimmungsschwankungen, Negativdenken, sozialer R\u00fcckzug, Antriebsst\u00f6rungen) Essst\u00f6rungen (Anorexia nervosa\/Magersucht, Bulimie\/Ess-Brechsucht, Binge-Eating\/Essanf\u00e4lle) Posttraumatische Belastungsst\u00f6rungen (nach belastenden Ereignissen wie Unf\u00e4llen, Verlusten, Erkrankungen sowie k\u00f6rperlichen und\/oder &hellip; <\/p>\n<p class=\"link-more\"><a href=\"https:\/\/kjp-troise.de\/?page_id=17\" class=\"more-link\"><span class=\"screen-reader-text\">\u201eAngebot\u201c<\/span> weiterlesen<\/a><\/p>\n","protected":false},"author":1,"featured_media":79,"parent":0,"menu_order":0,"comment_status":"closed","ping_status":"closed","template":"","meta":[],"_links":{"self":[{"href":"https:\/\/kjp-troise.de\/index.php?rest_route=\/wp\/v2\/pages\/17"}],"collection":[{"href":"https:\/\/kjp-troise.de\/index.php?rest_route=\/wp\/v2\/pages"}],"about":[{"href":"https:\/\/kjp-troise.de\/index.php?rest_route=\/wp\/v2\/types\/page"}],"author":[{"embeddable":true,"href":"https:\/\/kjp-troise.de\/index.php?rest_route=\/wp\/v2\/users\/1"}],"replies":[{"embeddable":true,"href":"https:\/\/kjp-troise.de\/index.php?rest_route=%2Fwp%2Fv2%2Fcomments&post=17"}],"version-history":[{"count":5,"href":"https:\/\/kjp-troise.de\/index.php?rest_route=\/wp\/v2\/pages\/17\/revisions"}],"predecessor-version":[{"id":102,"href":"https:\/\/kjp-troise.de\/index.php?rest_route=\/wp\/v2\/pages\/17\/revisions\/102"}],"wp:featuredmedia":[{"embeddable":true,"href":"https:\/\/kjp-troise.de\/index.php?rest_route=\/wp\/v2\/media\/79"}],"wp:attachment":[{"href":"https:\/\/kjp-troise.de\/index.php?rest_route=%2Fwp%2Fv2%2Fmedia&parent=17"}],"curies":[{"name":"wp","href":"https:\/\/api.w.org\/{rel}","templated":true}]}}