{"id":16,"date":"2020-06-15T16:05:30","date_gmt":"2020-06-15T16:05:30","guid":{"rendered":"http:\/\/kjp-troise.de\/?page_id=16"},"modified":"2021-03-05T09:58:27","modified_gmt":"2021-03-05T09:58:27","slug":"verhaltenstherapie","status":"publish","type":"page","link":"https:\/\/kjp-troise.de\/?page_id=16","title":{"rendered":"Verhaltenstherapie"},"content":{"rendered":"\n<p>Verhaltenstherapie ist ein wissenschaftlich anerkanntes Verfahren zur Behandlung psychischer Erkrankungen und kann zu guten Erfolgen f\u00fchren.<\/p>\n\n\n\n<p>Ich orientiere mich im Rahmen der Therapie im Hier und Jetzt. Dennoch sind f\u00fcr mich auch die bisherigen Lernerfahrungen und vergangene Lebenserfahrungen f\u00fcr die Behandlung wichtig. Das System, in dem ein Kind oder Jugendliche(r) lebt, ber\u00fccksichtige ich ebenfalls in der Therapie. Deshalb ist es h\u00e4ufig sinnvoll, dass ich im Laufe der Therapie auch mit den Bezugspersonen (Eltern, LehrerInnen, ErzieherInnen) spreche. Ich entwickle mit meinen Patienten und deren Eltern ein gemeinsames Verst\u00e4ndnis f\u00fcr das Verhalten des Kindes bzw. Jugendlichen.<\/p>\n\n\n\n<p>In der Therapie m\u00f6chte ich die Kinder-und Jugendlichen bef\u00e4higen, ihre St\u00e4rken besser zu nutzen. Gemeinsam erarbeiten wir Wege, wie sie mit belastenden Verhaltensweisen oder auch Gedanken und Gef\u00fchlen besser umgehen k\u00f6nnen.<\/p>\n","protected":false},"excerpt":{"rendered":"<p>Verhaltenstherapie ist ein wissenschaftlich anerkanntes Verfahren zur Behandlung psychischer Erkrankungen und kann zu guten Erfolgen f\u00fchren. Ich orientiere mich im Rahmen der Therapie im Hier und Jetzt. Dennoch sind f\u00fcr mich auch die bisherigen Lernerfahrungen und vergangene Lebenserfahrungen f\u00fcr die Behandlung wichtig. Das System, in dem ein Kind oder Jugendliche(r) lebt, ber\u00fccksichtige ich ebenfalls in &hellip; <\/p>\n<p class=\"link-more\"><a href=\"https:\/\/kjp-troise.de\/?page_id=16\" class=\"more-link\"><span class=\"screen-reader-text\">\u201eVerhaltenstherapie\u201c<\/span> weiterlesen<\/a><\/p>\n","protected":false},"author":1,"featured_media":80,"parent":0,"menu_order":0,"comment_status":"closed","ping_status":"closed","template":"","meta":[],"_links":{"self":[{"href":"https:\/\/kjp-troise.de\/index.php?rest_route=\/wp\/v2\/pages\/16"}],"collection":[{"href":"https:\/\/kjp-troise.de\/index.php?rest_route=\/wp\/v2\/pages"}],"about":[{"href":"https:\/\/kjp-troise.de\/index.php?rest_route=\/wp\/v2\/types\/page"}],"author":[{"embeddable":true,"href":"https:\/\/kjp-troise.de\/index.php?rest_route=\/wp\/v2\/users\/1"}],"replies":[{"embeddable":true,"href":"https:\/\/kjp-troise.de\/index.php?rest_route=%2Fwp%2Fv2%2Fcomments&post=16"}],"version-history":[{"count":1,"href":"https:\/\/kjp-troise.de\/index.php?rest_route=\/wp\/v2\/pages\/16\/revisions"}],"predecessor-version":[{"id":27,"href":"https:\/\/kjp-troise.de\/index.php?rest_route=\/wp\/v2\/pages\/16\/revisions\/27"}],"wp:featuredmedia":[{"embeddable":true,"href":"https:\/\/kjp-troise.de\/index.php?rest_route=\/wp\/v2\/media\/80"}],"wp:attachment":[{"href":"https:\/\/kjp-troise.de\/index.php?rest_route=%2Fwp%2Fv2%2Fmedia&parent=16"}],"curies":[{"name":"wp","href":"https:\/\/api.w.org\/{rel}","templated":true}]}}