{"id":15,"date":"2020-06-15T16:05:01","date_gmt":"2020-06-15T16:05:01","guid":{"rendered":"http:\/\/kjp-troise.de\/?page_id=15"},"modified":"2022-11-01T11:44:51","modified_gmt":"2022-11-01T11:44:51","slug":"ueber-mich","status":"publish","type":"page","link":"https:\/\/kjp-troise.de\/?page_id=15","title":{"rendered":"\u00dcber mich"},"content":{"rendered":"\n<p>Ich wurde 1974 in K\u00f6ln geboren, bin verheiratet und Mutter zweier S\u00f6hne.<\/p>\n\n\n\n<p>Nach einer Ausbildung zur Kinderkrankenschwester an der Universit\u00e4tsklinik in K\u00f6ln habe ich ebenfalls in K\u00f6ln Psychologie studiert.<\/p>\n\n\n\n<p>In meiner Ausbildung als Kinder-und Jugendlichenpsychotherapeutin am\u00a0Ausbildungsinstitut AKIP an der Uniklinik K\u00f6ln habe ich w\u00e4hrend meiner Arbeit an der Institutsambulanz mehrere Jahre Kinder- und Jugendliche sowie ihre Familien behandelt.<\/p>\n\n\n\n<p>Im Anschluss war ich bei zwei kinder- und jugendpsychiatrischen Praxen in Br\u00fchl&nbsp;(2014-2015) und Langenfeld (2016-2019) therapeutisch t\u00e4tig.<\/p>\n\n\n\n<p>Meine Approbation habe ich im Jahr 2018 erhalten. Seit Januar 2020 bin ich in meiner Privatpraxis in Langenfeld selbst\u00e4ndig t\u00e4tig.<\/p>\n","protected":false},"excerpt":{"rendered":"<p>Ich wurde 1974 in K\u00f6ln geboren, bin verheiratet und Mutter zweier S\u00f6hne. Nach einer Ausbildung zur Kinderkrankenschwester an der Universit\u00e4tsklinik in K\u00f6ln habe ich ebenfalls in K\u00f6ln Psychologie studiert. In meiner Ausbildung als Kinder-und Jugendlichenpsychotherapeutin am\u00a0Ausbildungsinstitut AKIP an der Uniklinik K\u00f6ln habe ich w\u00e4hrend meiner Arbeit an der Institutsambulanz mehrere Jahre Kinder- und Jugendliche sowie &hellip; <\/p>\n<p class=\"link-more\"><a href=\"https:\/\/kjp-troise.de\/?page_id=15\" class=\"more-link\"><span class=\"screen-reader-text\">\u201e\u00dcber mich\u201c<\/span> weiterlesen<\/a><\/p>\n","protected":false},"author":1,"featured_media":83,"parent":0,"menu_order":0,"comment_status":"closed","ping_status":"closed","template":"","meta":[],"_links":{"self":[{"href":"https:\/\/kjp-troise.de\/index.php?rest_route=\/wp\/v2\/pages\/15"}],"collection":[{"href":"https:\/\/kjp-troise.de\/index.php?rest_route=\/wp\/v2\/pages"}],"about":[{"href":"https:\/\/kjp-troise.de\/index.php?rest_route=\/wp\/v2\/types\/page"}],"author":[{"embeddable":true,"href":"https:\/\/kjp-troise.de\/index.php?rest_route=\/wp\/v2\/users\/1"}],"replies":[{"embeddable":true,"href":"https:\/\/kjp-troise.de\/index.php?rest_route=%2Fwp%2Fv2%2Fcomments&post=15"}],"version-history":[{"count":5,"href":"https:\/\/kjp-troise.de\/index.php?rest_route=\/wp\/v2\/pages\/15\/revisions"}],"predecessor-version":[{"id":109,"href":"https:\/\/kjp-troise.de\/index.php?rest_route=\/wp\/v2\/pages\/15\/revisions\/109"}],"wp:featuredmedia":[{"embeddable":true,"href":"https:\/\/kjp-troise.de\/index.php?rest_route=\/wp\/v2\/media\/83"}],"wp:attachment":[{"href":"https:\/\/kjp-troise.de\/index.php?rest_route=%2Fwp%2Fv2%2Fmedia&parent=15"}],"curies":[{"name":"wp","href":"https:\/\/api.w.org\/{rel}","templated":true}]}}